{"id":30,"date":"2015-03-06T09:37:28","date_gmt":"2015-03-06T07:37:28","guid":{"rendered":"http:\/\/kreisitrahter.ee\/?page_id=30"},"modified":"2024-05-30T19:44:50","modified_gmt":"2024-05-30T16:44:50","slug":"toopakkumised","status":"publish","type":"page","link":"https:\/\/kreisitrahter.ee\/?page_id=30","title":{"rendered":"Kontakt"},"content":{"rendered":"<div class=\"fusion-fullwidth fullwidth-box fusion-builder-row-1 hundred-percent-fullwidth non-hundred-percent-height-scrolling\" style=\"--awb-border-radius-top-left:0px;--awb-border-radius-top-right:0px;--awb-border-radius-bottom-right:0px;--awb-border-radius-bottom-left:0px;--awb-overflow:visible;--awb-flex-wrap:wrap;\" ><div class=\"fusion-builder-row fusion-row\"><div class=\"fusion-layout-column fusion_builder_column fusion-builder-column-0 fusion_builder_column_2_3 2_3 fusion-two-third fusion-column-first\" style=\"--awb-bg-size:cover;width:65.3333%; margin-right: 4%;\"><div class=\"fusion-column-wrapper fusion-flex-column-wrapper-legacy\"><div class=\"fusion-text fusion-text-1\"><p><strong>Asume Paide kesklinnas, ca kahe minuti jalutusk\u00e4igu kaugusel keskv\u00e4ljakult.<\/strong><\/p>\n<p>Autode parkimine Paides\u00a0on tasuta ja l\u00e4hedal asub ka suur kesklinna parkla!<\/p>\n<p><iframe style=\"border: 0;\" src=\"https:\/\/www.google.com\/maps\/embed?pb=!1m18!1m12!1m3!1d1030.8052810763147!2d25.572308499999995!3d58.8876486!2m3!1f0!2f0!3f0!3m2!1i1024!2i768!4f13.1!3m3!1m2!1s0x4693368e38412367%3A0x686e52c6ecf95147!2zUsO8w7x0bGkgMiwgUGFpZGUsIDcyNzEzIErDpHJ2YW1hYQ!5e0!3m2!1set!2see!4v1426574656495\" width=\"600\" height=\"450\" frameborder=\"0\"><\/iframe><\/p>\n<p>.<\/p>\n<\/div><div class=\"fusion-clearfix\"><\/div><\/div><\/div><div class=\"fusion-layout-column fusion_builder_column fusion-builder-column-1 fusion_builder_column_1_3 1_3 fusion-one-third fusion-column-last\" style=\"--awb-bg-size:cover;width:30.6666%;\"><div class=\"fusion-column-wrapper fusion-flex-column-wrapper-legacy\"><div class=\"fusion-text fusion-text-2\"><p><strong>Meie kontaktid<\/strong><\/p>\n<p>Paide, R\u00fc\u00fctli tn 2, 73713<br \/>\nE-post info@kreisitrahter.ee<\/p>\n<p><strong>Toidu tellimine ja laudade broneerimine<br \/>\n<\/strong>Tel 38 52 420<\/p>\n<p><strong>Administratsioon<\/strong><br \/>\nJaanus 5058893<\/p>\n<p><strong>OLEME AVATUD KELLAAEGADEL<\/strong><\/p>\n<ul>\n<li>ESMASP\u00c4EV,TEISIP\u00c4EV,NELJAP\u00c4EV: 11.00-20.00<\/li>\n<li>KOLMAP\u00c4EV: 11.00-22.00<\/li>\n<li>REEDE: 11.00-00.00<\/li>\n<li>LAUP\u00c4EV: 11.00-02.00<\/li>\n<li>P\u00dcHAP\u00c4EV: 12.00-19.00<\/li>\n<li>LAUP\u00c4EVITI ELAVA MUUSIKA TANTSU\u00d5HTUD 22.00-03.00<\/li>\n<\/ul>\n<\/div><div class=\"fusion-sep-clear\"><\/div><div class=\"fusion-separator fusion-full-width-sep\" style=\"margin-left: auto;margin-right: auto;width:100%;\"><\/div><div class=\"fusion-sep-clear\"><\/div><div class=\"fusion-text fusion-text-3\"><p><strong>Meie logo<\/strong><\/p>\n<\/div><div class=\"fusion-sep-clear\"><\/div><div class=\"fusion-separator fusion-full-width-sep\" style=\"margin-left: auto;margin-right: auto;width:100%;\"><\/div><div class=\"fusion-sep-clear\"><\/div><div class=\"fusion-image-element in-legacy-container\" style=\"--awb-caption-title-font-family:var(--h2_typography-font-family);--awb-caption-title-font-weight:var(--h2_typography-font-weight);--awb-caption-title-font-style:var(--h2_typography-font-style);--awb-caption-title-size:var(--h2_typography-font-size);--awb-caption-title-transform:var(--h2_typography-text-transform);--awb-caption-title-line-height:var(--h2_typography-line-height);--awb-caption-title-letter-spacing:var(--h2_typography-letter-spacing);\"><span class=\" fusion-imageframe imageframe-dropshadow imageframe-1 hover-type-none\" style=\"-webkit-box-shadow: 3px 3px 7px rgba(0,0,0,0.3);box-shadow: 3px 3px 7px rgba(0,0,0,0.3);\"><img decoding=\"async\" src=\"http:\/\/kreisitrahter.ee\/wp-content\/uploads\/2015\/03\/r\u00fc\u00fctli-pilt2-150x150.jpg\" alt class=\"img-responsive\"\/><\/span><\/div><div class=\"fusion-clearfix\"><\/div><\/div><\/div><\/div><\/div>\n","protected":false},"excerpt":{"rendered":"","protected":false},"author":4,"featured_media":0,"parent":0,"menu_order":0,"comment_status":"closed","ping_status":"closed","template":"","meta":{"footnotes":""},"class_list":["post-30","page","type-page","status-publish","hentry"],"_links":{"self":[{"href":"https:\/\/kreisitrahter.ee\/index.php?rest_route=\/wp\/v2\/pages\/30","targetHints":{"allow":["GET"]}}],"collection":[{"href":"https:\/\/kreisitrahter.ee\/index.php?rest_route=\/wp\/v2\/pages"}],"about":[{"href":"https:\/\/kreisitrahter.ee\/index.php?rest_route=\/wp\/v2\/types\/page"}],"author":[{"embeddable":true,"href":"https:\/\/kreisitrahter.ee\/index.php?rest_route=\/wp\/v2\/users\/4"}],"replies":[{"embeddable":true,"href":"https:\/\/kreisitrahter.ee\/index.php?rest_route=%2Fwp%2Fv2%2Fcomments&post=30"}],"version-history":[{"count":0,"href":"https:\/\/kreisitrahter.ee\/index.php?rest_route=\/wp\/v2\/pages\/30\/revisions"}],"wp:attachment":[{"href":"https:\/\/kreisitrahter.ee\/index.php?rest_route=%2Fwp%2Fv2%2Fmedia&parent=30"}],"curies":[{"name":"wp","href":"https:\/\/api.w.org\/{rel}","templated":true}]}}